{"id":617,"date":"2024-04-16T22:47:03","date_gmt":"2024-04-17T01:47:03","guid":{"rendered":"https:\/\/infartexpress.hub369.com.br\/?page_id=617"},"modified":"2024-04-20T17:57:07","modified_gmt":"2024-04-20T20:57:07","slug":"rastreamento-veicular-2","status":"publish","type":"page","link":"https:\/\/infartexpress.hub369.com.br\/index.php\/rastreamento-veicular\/rastreamento-veicular-2\/","title":{"rendered":"Contratar Rastreamento\u00a0Veicular"},"content":{"rendered":"\n<div class=\"wp-block-cover alignfull\" style=\"min-height:720px;aspect-ratio:unset;\"><span aria-hidden=\"true\" class=\"wp-block-cover__background has-background-dim-100 has-background-dim has-background-gradient\" style=\"background:linear-gradient(300deg,rgb(2,3,129) 0%,rgb(40,116,252) 100%)\"><\/span><div class=\"wp-block-cover__inner-container is-layout-flow wp-block-cover-is-layout-flow\">\n<div class=\"inherit-container-width wp-block-group alignwide is-layout-constrained wp-block-group-is-layout-constrained\">\n<div class=\"wp-block-cover alignfull has-parallax has-medium-font-size\"><span aria-hidden=\"true\" class=\"wp-block-cover__background has-background-dim\"><\/span><div role=\"img\" class=\"wp-block-cover__image-background wp-image-420 has-parallax\" style=\"background-position:50% 50%;background-image:url(https:\/\/infartexpress.hub369.com.br\/wp-content\/uploads\/2024\/04\/4.png)\"><\/div><div class=\"wp-block-cover__inner-container is-layout-flow wp-block-cover-is-layout-flow\">\n<h1 class=\"wp-block-heading has-text-align-left has-white-color has-text-color\">Contratar Rastreamento&nbsp;Veicular<\/h1>\n\n\n\n<p class=\"has-medium-font-size\">Preencha o formul\u00e1rio abaixo com os dados necess\u00e1rios para a contrata\u00e7\u00e3o.<\/p>\n\n\n\n<div class=\"wp-block-buttons is-layout-flex wp-block-buttons-is-layout-flex\"><\/div>\n<\/div><\/div>\n<\/div>\n<\/div><\/div>\n\n\n\n<hr class=\"wp-block-separator has-alpha-channel-opacity is-style-wide\"\/>\n\n\n<div class=\"wpforms-container wpforms-container-full wpforms-block wpforms-block-b58c2083-d407-49f5-b409-f5f6b54ffa25 wpforms-render-modern\" id=\"wpforms-595\"><form id=\"wpforms-form-595\" class=\"wpforms-validate wpforms-form wpforms-ajax-form\" data-formid=\"595\" method=\"post\" enctype=\"multipart\/form-data\" action=\"\/index.php\/wp-json\/wp\/v2\/pages\/617\" data-token=\"b38ac79f32eca3dfe8eb294596e875a6\" data-token-time=\"1776721672\"><noscript class=\"wpforms-error-noscript\">Ative o JavaScript no seu navegador para preencher este formul\u00e1rio.<\/noscript><div class=\"wpforms-hidden\" id=\"wpforms-error-noscript\">Ative o JavaScript no seu navegador para preencher este formul\u00e1rio.<\/div><div class=\"wpforms-field-container\"><div id=\"wpforms-595-field_9-container\" class=\"wpforms-field wpforms-field-radio wpforms-list-inline\" data-field-id=\"9\"><fieldset><legend class=\"wpforms-field-label\">Ve\u00edculo Novo? <span class=\"wpforms-required-label\" aria-hidden=\"true\">*<\/span><\/legend><ul id=\"wpforms-595-field_9\" class=\"wpforms-field-required\"><li class=\"choice-1 depth-1\"><input type=\"radio\" id=\"wpforms-595-field_9_1\" name=\"wpforms[fields][9]\" value=\"Sim\" aria-errormessage=\"wpforms-595-field_9_1-error\" required ><label class=\"wpforms-field-label-inline\" for=\"wpforms-595-field_9_1\">Sim<\/label><\/li><li class=\"choice-2 depth-1\"><input type=\"radio\" id=\"wpforms-595-field_9_2\" name=\"wpforms[fields][9]\" value=\"N\u00e3o\" aria-errormessage=\"wpforms-595-field_9_2-error\" required ><label class=\"wpforms-field-label-inline\" for=\"wpforms-595-field_9_2\">N\u00e3o<\/label><\/li><\/ul><\/fieldset><\/div><div id=\"wpforms-595-field_2-container\" class=\"wpforms-field wpforms-field-text\" data-field-id=\"2\"><label class=\"wpforms-field-label\" for=\"wpforms-595-field_2\">Marca <span class=\"wpforms-required-label\" aria-hidden=\"true\">*<\/span><\/label><input type=\"text\" id=\"wpforms-595-field_2\" class=\"wpforms-field-medium wpforms-field-required\" name=\"wpforms[fields][2]\" aria-errormessage=\"wpforms-595-field_2-error\" required><\/div><div id=\"wpforms-595-field_28-container\" class=\"wpforms-field wpforms-field-text\" data-field-id=\"28\"><label class=\"wpforms-field-label\" for=\"wpforms-595-field_28\">Placa <span class=\"wpforms-required-label\" aria-hidden=\"true\">*<\/span><\/label><input type=\"text\" id=\"wpforms-595-field_28\" class=\"wpforms-field-medium wpforms-field-required\" name=\"wpforms[fields][28]\" aria-errormessage=\"wpforms-595-field_28-error\" required><\/div><div id=\"wpforms-595-field_3-container\" class=\"wpforms-field wpforms-field-text\" data-field-id=\"3\"><label class=\"wpforms-field-label\" for=\"wpforms-595-field_3\">Ano <span class=\"wpforms-required-label\" aria-hidden=\"true\">*<\/span><\/label><input type=\"text\" id=\"wpforms-595-field_3\" class=\"wpforms-field-medium wpforms-field-required\" name=\"wpforms[fields][3]\" aria-errormessage=\"wpforms-595-field_3-error\" required><\/div><div id=\"wpforms-595-field_4-container\" class=\"wpforms-field wpforms-field-text\" data-field-id=\"4\"><label class=\"wpforms-field-label\" for=\"wpforms-595-field_4\">Modelo <span class=\"wpforms-required-label\" aria-hidden=\"true\">*<\/span><\/label><input type=\"text\" id=\"wpforms-595-field_4\" class=\"wpforms-field-medium wpforms-field-required\" name=\"wpforms[fields][4]\" aria-errormessage=\"wpforms-595-field_4-error\" required><\/div><div id=\"wpforms-595-field_29-container\" class=\"wpforms-field wpforms-field-text\" data-field-id=\"29\"><label class=\"wpforms-field-label\" for=\"wpforms-595-field_29\">Chassi <span class=\"wpforms-required-label\" aria-hidden=\"true\">*<\/span><\/label><input type=\"text\" id=\"wpforms-595-field_29\" class=\"wpforms-field-medium wpforms-field-required\" name=\"wpforms[fields][29]\" aria-errormessage=\"wpforms-595-field_29-error\" required><\/div><div id=\"wpforms-595-field_30-container\" class=\"wpforms-field wpforms-field-text\" data-field-id=\"30\"><label class=\"wpforms-field-label\" for=\"wpforms-595-field_30\">Cor do Ve\u00edculo <span class=\"wpforms-required-label\" aria-hidden=\"true\">*<\/span><\/label><input type=\"text\" id=\"wpforms-595-field_30\" class=\"wpforms-field-medium wpforms-field-required\" name=\"wpforms[fields][30]\" aria-errormessage=\"wpforms-595-field_30-error\" required><\/div><div id=\"wpforms-595-field_31-container\" class=\"wpforms-field wpforms-field-text\" data-field-id=\"31\"><label class=\"wpforms-field-label\" for=\"wpforms-595-field_31\">Renavam <span class=\"wpforms-required-label\" aria-hidden=\"true\">*<\/span><\/label><input type=\"text\" id=\"wpforms-595-field_31\" class=\"wpforms-field-medium wpforms-field-required\" name=\"wpforms[fields][31]\" aria-errormessage=\"wpforms-595-field_31-error\" required><\/div><div id=\"wpforms-595-field_32-container\" class=\"wpforms-field wpforms-field-text\" data-field-id=\"32\"><label class=\"wpforms-field-label\" for=\"wpforms-595-field_32\">Ano de Fabrica\u00e7\u00e3o <span class=\"wpforms-required-label\" aria-hidden=\"true\">*<\/span><\/label><input type=\"text\" id=\"wpforms-595-field_32\" class=\"wpforms-field-medium wpforms-field-required\" name=\"wpforms[fields][32]\" aria-errormessage=\"wpforms-595-field_32-error\" required><\/div><div id=\"wpforms-595-field_37-container\" class=\"wpforms-field wpforms-field-text\" data-field-id=\"37\"><label class=\"wpforms-field-label\" for=\"wpforms-595-field_37\">Nome do Cliente <span class=\"wpforms-required-label\" aria-hidden=\"true\">*<\/span><\/label><input type=\"text\" id=\"wpforms-595-field_37\" class=\"wpforms-field-medium wpforms-field-required\" name=\"wpforms[fields][37]\" aria-errormessage=\"wpforms-595-field_37-error\" required><\/div><div id=\"wpforms-595-field_38-container\" class=\"wpforms-field wpforms-field-text\" data-field-id=\"38\"><label class=\"wpforms-field-label\" for=\"wpforms-595-field_38\">CPF <span class=\"wpforms-required-label\" aria-hidden=\"true\">*<\/span><\/label><input type=\"text\" id=\"wpforms-595-field_38\" class=\"wpforms-field-medium wpforms-field-required\" name=\"wpforms[fields][38]\" aria-errormessage=\"wpforms-595-field_38-error\" required><\/div><div id=\"wpforms-595-field_39-container\" class=\"wpforms-field wpforms-field-text\" data-field-id=\"39\"><label class=\"wpforms-field-label\" for=\"wpforms-595-field_39\">RG <span class=\"wpforms-required-label\" aria-hidden=\"true\">*<\/span><\/label><input type=\"text\" id=\"wpforms-595-field_39\" class=\"wpforms-field-medium wpforms-field-required\" name=\"wpforms[fields][39]\" aria-errormessage=\"wpforms-595-field_39-error\" required><\/div><div id=\"wpforms-595-field_18-container\" class=\"wpforms-field wpforms-field-text\" data-field-id=\"18\"><label class=\"wpforms-field-label\" for=\"wpforms-595-field_18\">Data de Nascimento <span class=\"wpforms-required-label\" aria-hidden=\"true\">*<\/span><\/label><input type=\"text\" id=\"wpforms-595-field_18\" class=\"wpforms-field-medium wpforms-field-required\" name=\"wpforms[fields][18]\" aria-errormessage=\"wpforms-595-field_18-error\" required><\/div><div id=\"wpforms-595-field_35-container\" class=\"wpforms-field wpforms-field-email\" data-field-id=\"35\"><label class=\"wpforms-field-label\" for=\"wpforms-595-field_35\">E-mail <span class=\"wpforms-required-label\" aria-hidden=\"true\">*<\/span><\/label><input type=\"email\" id=\"wpforms-595-field_35\" class=\"wpforms-field-medium wpforms-field-required\" name=\"wpforms[fields][35]\" spellcheck=\"false\" aria-errormessage=\"wpforms-595-field_35-error\" required><\/div><div id=\"wpforms-595-field_20-container\" class=\"wpforms-field wpforms-field-text\" data-field-id=\"20\"><label class=\"wpforms-field-label\" for=\"wpforms-595-field_20\">Telefone Celular <span class=\"wpforms-required-label\" aria-hidden=\"true\">*<\/span><\/label><input type=\"text\" id=\"wpforms-595-field_20\" class=\"wpforms-field-medium wpforms-field-required\" name=\"wpforms[fields][20]\" aria-errormessage=\"wpforms-595-field_20-error\" required><\/div><div id=\"wpforms-595-field_21-container\" class=\"wpforms-field wpforms-field-text\" data-field-id=\"21\"><label class=\"wpforms-field-label\" for=\"wpforms-595-field_21\">CEP <span class=\"wpforms-required-label\" aria-hidden=\"true\">*<\/span><\/label><input type=\"text\" id=\"wpforms-595-field_21\" class=\"wpforms-field-medium wpforms-field-required\" name=\"wpforms[fields][21]\" aria-errormessage=\"wpforms-595-field_21-error\" required><\/div><div id=\"wpforms-595-field_22-container\" class=\"wpforms-field wpforms-field-text\" data-field-id=\"22\"><label class=\"wpforms-field-label\" for=\"wpforms-595-field_22\">Endere\u00e7o <span class=\"wpforms-required-label\" aria-hidden=\"true\">*<\/span><\/label><input type=\"text\" id=\"wpforms-595-field_22\" class=\"wpforms-field-medium wpforms-field-required\" name=\"wpforms[fields][22]\" aria-errormessage=\"wpforms-595-field_22-error\" required><\/div><div id=\"wpforms-595-field_23-container\" class=\"wpforms-field wpforms-field-text\" data-field-id=\"23\"><label class=\"wpforms-field-label\" for=\"wpforms-595-field_23\">N\u00famero <span class=\"wpforms-required-label\" aria-hidden=\"true\">*<\/span><\/label><input type=\"text\" id=\"wpforms-595-field_23\" class=\"wpforms-field-medium wpforms-field-required\" name=\"wpforms[fields][23]\" aria-errormessage=\"wpforms-595-field_23-error\" required><\/div><div id=\"wpforms-595-field_24-container\" class=\"wpforms-field wpforms-field-text\" data-field-id=\"24\"><label class=\"wpforms-field-label\" for=\"wpforms-595-field_24\">Complemento<\/label><input type=\"text\" id=\"wpforms-595-field_24\" class=\"wpforms-field-medium\" name=\"wpforms[fields][24]\" aria-errormessage=\"wpforms-595-field_24-error\" ><\/div><div id=\"wpforms-595-field_25-container\" class=\"wpforms-field wpforms-field-text\" data-field-id=\"25\"><label class=\"wpforms-field-label\" for=\"wpforms-595-field_25\">Bairro <span class=\"wpforms-required-label\" aria-hidden=\"true\">*<\/span><\/label><input type=\"text\" id=\"wpforms-595-field_25\" class=\"wpforms-field-medium wpforms-field-required\" name=\"wpforms[fields][25]\" aria-errormessage=\"wpforms-595-field_25-error\" required><\/div><div id=\"wpforms-595-field_26-container\" class=\"wpforms-field wpforms-field-text\" data-field-id=\"26\"><label class=\"wpforms-field-label\" for=\"wpforms-595-field_26\">Cidade <span class=\"wpforms-required-label\" aria-hidden=\"true\">*<\/span><\/label><input type=\"text\" id=\"wpforms-595-field_26\" class=\"wpforms-field-medium wpforms-field-required\" name=\"wpforms[fields][26]\" aria-errormessage=\"wpforms-595-field_26-error\" required><\/div><div id=\"wpforms-595-field_27-container\" class=\"wpforms-field wpforms-field-text\" data-field-id=\"27\"><label class=\"wpforms-field-label\" for=\"wpforms-595-field_27\">Estado <span class=\"wpforms-required-label\" aria-hidden=\"true\">*<\/span><\/label><input type=\"text\" id=\"wpforms-595-field_27\" class=\"wpforms-field-medium wpforms-field-required\" name=\"wpforms[fields][27]\" aria-errormessage=\"wpforms-595-field_27-error\" required><\/div><\/div><!-- .wpforms-field-container --><div class=\"wpforms-submit-container\" ><input type=\"hidden\" name=\"wpforms[id]\" value=\"595\"><input type=\"hidden\" name=\"page_title\" value=\"\"><input type=\"hidden\" name=\"page_url\" value=\"https:\/\/infartexpress.hub369.com.br\/index.php\/wp-json\/wp\/v2\/pages\/617\"><input type=\"hidden\" name=\"url_referer\" value=\"\"><button type=\"submit\" name=\"wpforms[submit]\" id=\"wpforms-submit-595\" class=\"wpforms-submit\" data-alt-text=\"Enviando...\" data-submit-text=\"Enviar\" aria-live=\"assertive\" value=\"wpforms-submit\">Enviar<\/button><img loading=\"lazy\" decoding=\"async\" src=\"https:\/\/infartexpress.hub369.com.br\/wp-content\/plugins\/wpforms-lite\/assets\/images\/submit-spin.svg\" class=\"wpforms-submit-spinner\" style=\"display: none;\" width=\"26\" height=\"26\" alt=\"Carregando\"><\/div><\/form><\/div>  <!-- .wpforms-container -->\n\n\n<div class=\"wp-block-group alignfull has-background is-layout-constrained wp-block-group-is-layout-constrained\" id=\"contact\" style=\"background:linear-gradient(300deg,rgb(2,3,129) 0%,rgb(40,116,252) 100%);margin-top:var(--wp--preset--spacing--70);margin-bottom:var(--wp--preset--spacing--70);padding-top:104px;padding-bottom:104px\">\n<div class=\"wp-block-columns is-layout-flex wp-container-core-columns-is-layout-2 wp-block-columns-is-layout-flex\">\n<div class=\"wp-block-column is-layout-flow wp-block-column-is-layout-flow\">\n<figure class=\"wp-block-image size-full is-resized\"><img decoding=\"async\" src=\"https:\/\/infartexpress.hub369.com.br\/wp-content\/uploads\/2024\/03\/HUB369.png\" alt=\"\" class=\"wp-image-251\" style=\"width:246px;height:auto\"\/><figcaption class=\"wp-element-caption\" style=\"color:white;\">HUB369 SOLUCOES EM TECNOLOGIA LTDA<br>CNPJ: 51.991.900\/0001-89<\/figcaption><\/figure>\n<\/div>\n\n\n\n<div class=\"wp-block-column is-layout-flow wp-block-column-is-layout-flow\">\n<p style=\"color:white;\">A HUB369 \u00e9 uma plataforma digital que atua como Correspondente Banc\u00e1rio para facilitar o processo de contrata\u00e7\u00e3o de empr\u00e9stimos e outros produtos.<br><br>Rua Ary Barroso, 70, Sala 212, Torre 01, Papicu, Fortaleza, Cear\u00e1, Brasil, CEP: 60.175-705.<\/p>\n\n\n\n<div class=\"wp-block-columns alignwide is-not-stacked-on-mobile is-layout-flex wp-container-core-columns-is-layout-1 wp-block-columns-is-layout-flex\" style=\"border-style:none;border-width:0px;border-radius:0px;padding-right:var(--wp--preset--spacing--80);padding-left:var(--wp--preset--spacing--80)\">\n<div class=\"wp-block-column is-layout-flow wp-block-column-is-layout-flow\">\n<figure class=\"wp-block-image aligncenter size-large is-resized\"><a href=\"https:\/\/www.instagram.com\/hub369oficial\/\" target=\"_blank\" rel=\"noreferrer noopener\"><img loading=\"lazy\" decoding=\"async\" width=\"1024\" height=\"1024\" src=\"https:\/\/infartexpress.hub369.com.br\/wp-content\/uploads\/2024\/04\/img_instagram-1-1024x1024.png\" alt=\"\" class=\"wp-image-276\" style=\"width:30px\" srcset=\"https:\/\/infartexpress.hub369.com.br\/wp-content\/uploads\/2024\/04\/img_instagram-1-1024x1024.png 1024w, https:\/\/infartexpress.hub369.com.br\/wp-content\/uploads\/2024\/04\/img_instagram-1-300x300.png 300w, https:\/\/infartexpress.hub369.com.br\/wp-content\/uploads\/2024\/04\/img_instagram-1-150x150.png 150w, https:\/\/infartexpress.hub369.com.br\/wp-content\/uploads\/2024\/04\/img_instagram-1-768x768.png 768w, https:\/\/infartexpress.hub369.com.br\/wp-content\/uploads\/2024\/04\/img_instagram-1-1536x1536.png 1536w, https:\/\/infartexpress.hub369.com.br\/wp-content\/uploads\/2024\/04\/img_instagram-1-2048x2048.png 2048w\" sizes=\"(max-width: 1024px) 100vw, 1024px\" \/><\/a><\/figure>\n<\/div>\n\n\n\n<div class=\"wp-block-column is-layout-flow wp-block-column-is-layout-flow\">\n<figure class=\"wp-block-image aligncenter size-full is-resized\"><a href=\"https:\/\/www.linkedin.com\/company\/hub369\" target=\"_blank\" rel=\"noreferrer noopener\"><img loading=\"lazy\" decoding=\"async\" width=\"976\" height=\"977\" src=\"https:\/\/infartexpress.hub369.com.br\/wp-content\/uploads\/2024\/04\/img_linkedin-1.png\" alt=\"\" class=\"wp-image-277\" style=\"width:30px\" srcset=\"https:\/\/infartexpress.hub369.com.br\/wp-content\/uploads\/2024\/04\/img_linkedin-1.png 976w, https:\/\/infartexpress.hub369.com.br\/wp-content\/uploads\/2024\/04\/img_linkedin-1-300x300.png 300w, https:\/\/infartexpress.hub369.com.br\/wp-content\/uploads\/2024\/04\/img_linkedin-1-150x150.png 150w, https:\/\/infartexpress.hub369.com.br\/wp-content\/uploads\/2024\/04\/img_linkedin-1-768x769.png 768w\" sizes=\"(max-width: 976px) 100vw, 976px\" \/><\/a><\/figure>\n<\/div>\n\n\n\n<div class=\"wp-block-column is-vertically-aligned-stretch is-layout-flow wp-block-column-is-layout-flow\">\n<figure class=\"wp-block-image aligncenter size-large is-resized has-custom-border\"><a href=\"https:\/\/api.whatsapp.com\/send\/?phone=5585996312005&amp;text&amp;type=phone_number&amp;app_absent=0\" target=\"_blank\" rel=\"noreferrer noopener\"><img loading=\"lazy\" decoding=\"async\" width=\"1024\" height=\"1024\" src=\"https:\/\/infartexpress.hub369.com.br\/wp-content\/uploads\/2024\/04\/img_zap-1024x1024.png\" alt=\"\" class=\"wp-image-280\" style=\"border-style:none;border-width:0px;border-radius:0px;width:30px\" srcset=\"https:\/\/infartexpress.hub369.com.br\/wp-content\/uploads\/2024\/04\/img_zap-1024x1024.png 1024w, https:\/\/infartexpress.hub369.com.br\/wp-content\/uploads\/2024\/04\/img_zap-300x300.png 300w, https:\/\/infartexpress.hub369.com.br\/wp-content\/uploads\/2024\/04\/img_zap-150x150.png 150w, https:\/\/infartexpress.hub369.com.br\/wp-content\/uploads\/2024\/04\/img_zap-768x768.png 768w, https:\/\/infartexpress.hub369.com.br\/wp-content\/uploads\/2024\/04\/img_zap.png 1200w\" sizes=\"(max-width: 1024px) 100vw, 1024px\" \/><\/a><\/figure>\n<\/div>\n<\/div>\n<\/div>\n<\/div>\n<\/div>\n","protected":false},"excerpt":{"rendered":"<p>HUB369 SOLUCOES EM TECNOLOGIA LTDACNPJ: 51.991.900\/0001-89 A HUB369 \u00e9 uma plataforma digital que atua como Correspondente Banc\u00e1rio para facilitar o [&hellip;]<\/p>\n","protected":false},"author":1,"featured_media":0,"parent":166,"menu_order":0,"comment_status":"closed","ping_status":"closed","template":"","meta":{"site-sidebar-layout":"default","site-content-layout":"","ast-site-content-layout":"","site-content-style":"default","site-sidebar-style":"default","ast-global-header-display":"","ast-banner-title-visibility":"","ast-main-header-display":"","ast-hfb-above-header-display":"","ast-hfb-below-header-display":"","ast-hfb-mobile-header-display":"","site-post-title":"disabled","ast-breadcrumbs-content":"","ast-featured-img":"","footer-sml-layout":"","theme-transparent-header-meta":"","adv-header-id-meta":"","stick-header-meta":"","header-above-stick-meta":"","header-main-stick-meta":"","header-below-stick-meta":"","astra-migrate-meta-layouts":"default","ast-page-background-enabled":"default","ast-page-background-meta":{"desktop":{"background-color":"var(--ast-global-color-4)","background-image":"","background-repeat":"repeat","background-position":"center center","background-size":"auto","background-attachment":"scroll","background-type":"","background-media":"","overlay-type":"","overlay-color":"","overlay-gradient":""},"tablet":{"background-color":"","background-image":"","background-repeat":"repeat","background-position":"center center","background-size":"auto","background-attachment":"scroll","background-type":"","background-media":"","overlay-type":"","overlay-color":"","overlay-gradient":""},"mobile":{"background-color":"","background-image":"","background-repeat":"repeat","background-position":"center center","background-size":"auto","background-attachment":"scroll","background-type":"","background-media":"","overlay-type":"","overlay-color":"","overlay-gradient":""}},"ast-content-background-meta":{"desktop":{"background-color":"var(--ast-global-color-5)","background-image":"","background-repeat":"repeat","background-position":"center center","background-size":"auto","background-attachment":"scroll","background-type":"","background-media":"","overlay-type":"","overlay-color":"","overlay-gradient":""},"tablet":{"background-color":"var(--ast-global-color-5)","background-image":"","background-repeat":"repeat","background-position":"center center","background-size":"auto","background-attachment":"scroll","background-type":"","background-media":"","overlay-type":"","overlay-color":"","overlay-gradient":""},"mobile":{"background-color":"var(--ast-global-color-5)","background-image":"","background-repeat":"repeat","background-position":"center center","background-size":"auto","background-attachment":"scroll","background-type":"","background-media":"","overlay-type":"","overlay-color":"","overlay-gradient":""}},"footnotes":""},"_links":{"self":[{"href":"https:\/\/infartexpress.hub369.com.br\/index.php\/wp-json\/wp\/v2\/pages\/617"}],"collection":[{"href":"https:\/\/infartexpress.hub369.com.br\/index.php\/wp-json\/wp\/v2\/pages"}],"about":[{"href":"https:\/\/infartexpress.hub369.com.br\/index.php\/wp-json\/wp\/v2\/types\/page"}],"author":[{"embeddable":true,"href":"https:\/\/infartexpress.hub369.com.br\/index.php\/wp-json\/wp\/v2\/users\/1"}],"replies":[{"embeddable":true,"href":"https:\/\/infartexpress.hub369.com.br\/index.php\/wp-json\/wp\/v2\/comments?post=617"}],"version-history":[{"count":24,"href":"https:\/\/infartexpress.hub369.com.br\/index.php\/wp-json\/wp\/v2\/pages\/617\/revisions"}],"predecessor-version":[{"id":732,"href":"https:\/\/infartexpress.hub369.com.br\/index.php\/wp-json\/wp\/v2\/pages\/617\/revisions\/732"}],"up":[{"embeddable":true,"href":"https:\/\/infartexpress.hub369.com.br\/index.php\/wp-json\/wp\/v2\/pages\/166"}],"wp:attachment":[{"href":"https:\/\/infartexpress.hub369.com.br\/index.php\/wp-json\/wp\/v2\/media?parent=617"}],"curies":[{"name":"wp","href":"https:\/\/api.w.org\/{rel}","templated":true}]}}