{"id":381,"date":"2024-04-03T15:52:24","date_gmt":"2024-04-03T18:52:24","guid":{"rendered":"https:\/\/infartexpress.hub369.com.br\/?page_id=381"},"modified":"2024-04-20T17:57:33","modified_gmt":"2024-04-20T20:57:33","slug":"termo-de-uso","status":"publish","type":"page","link":"https:\/\/infartexpress.hub369.com.br\/index.php\/termo-de-uso\/","title":{"rendered":"Termo de Uso"},"content":{"rendered":"\n<div class=\"wp-block-cover alignfull\" style=\"min-height:720px;aspect-ratio:unset;\"><span aria-hidden=\"true\" class=\"wp-block-cover__background has-background-dim-100 has-background-dim has-background-gradient\" style=\"background:linear-gradient(300deg,rgb(2,3,129) 0%,rgb(40,116,252) 100%)\"><\/span><div class=\"wp-block-cover__inner-container is-layout-flow wp-block-cover-is-layout-flow\">\n<div class=\"inherit-container-width wp-block-group alignwide is-layout-constrained wp-block-group-is-layout-constrained\">\n<h1 class=\"wp-block-heading has-text-align-left has-white-color has-text-color\">Termo de Uso<\/h1>\n<\/div>\n<\/div><\/div>\n\n\n\n<p><\/p>\n\n\n\n<p>O plataforma \u00e9 propriedade da HUB369 SOLUCOES EM TECNOLOGIA LTDA., registrada sobre o CNPJ no 51.991.900\/0001-89.<\/p>\n\n\n\n<p>Neste Termo de Uso, os termos \u201cPLATAFORMA\u201d, \u201cHUB\u201d e \u201cHUB369\u201d se referem ao site hub369.com.br e aos seus subdom\u00ednios (exemplo: nome.hub369.com.br). Os termos \u201cVISITANTE\u201d e \u201cUSU\u00c1RIO\u201d se referem a qualquer pessoa (f\u00edsica ou jur\u00eddica) que acesse e use esta PLATAFORMA.<\/p>\n\n\n\n<p>O acesso e o uso desta PLATAFORMA est\u00e3o sujeitos a este Termo de Uso e a Pol\u00edtica de Privacidade, por isso, o VISITANTE deve l\u00ea-los na sua \u00edntegra. Ao acessar e usar a PLATAFORMA, o VISITANTE aceita todas as condi\u00e7\u00f5es deste Termo de Uso e da Pol\u00edtica de Privacidade. Caso o VISITANTE n\u00e3o concorde com alguma condi\u00e7\u00e3o destes documentos, o acesso e o uso desta PLATAFORMA deve ser interrompido imediatamente. A PLATAFORMA se reserva ao direito de alterar estes documentos a qualquer momento, sem aviso pr\u00e9vio, sendo que as novas vers\u00f5es passar\u00e3o a vigorar a partir do momento em que for postada na PLATAFORMA. Por isso, o VISITANTE deve ler estes documentos sempre que visitar a PLATAFORMA.<\/p>\n\n\n\n<p>Este Termo de Uso define os direitos e obriga\u00e7\u00f5es tanto da PLATAFORMA como do VISITANTE envolvidos durante o acesso e uso da PLATAFORMA e dos servi\u00e7os oferecidos.<\/p>\n\n\n\n<p>A PLATAFORMA intermedia a contrata\u00e7\u00e3o de servi\u00e7os e produtos das institu\u00e7\u00f5es parceiras, sejam elas financeiras ou n\u00e3o, para os nossos USU\u00c1RIOS. O nosso principal objetivo \u00e9 gerar conveni\u00eancia ao nosso USU\u00c1RIO no seu processo de avalia\u00e7\u00e3o e contrata\u00e7\u00e3o destes servi\u00e7os e produtos. Atrav\u00e9s do acesso a p\u00e1gina de apresenta\u00e7\u00e3o dos servi\u00e7os e produtos, o cliente ser\u00e1 direcionado para a \u00e1rea de atendimento do servi\u00e7o e\/ou produto onde realizar\u00e1 a opera\u00e7\u00e3o desejada. Alguns servi\u00e7os e\/ou produtos possuem crit\u00e9rios espec\u00edficos para a contrata\u00e7\u00e3o.<\/p>\n\n\n\n<p>Ao preencher os dados e anexar documentos solicitados pela PLATAFORMA, o USU\u00c1RIO sempre dever\u00e1 prezar pela veracidade e exatid\u00e3o dos mesmos, sabendo que poder\u00e1 responder civil ou criminalmente por informa\u00e7\u00f5es indevidas ou equivocadas. O USU\u00c1RIO autoriza a PLATAFORMA e seus parceiros a consultar informa\u00e7\u00f5es adicionais sobre o pr\u00f3prio em fontes e de naturezas diversas e a realizar contatos telef\u00f4nicos com o pr\u00f3prio ou com terceiros por ele indicados. O USU\u00c1RIO autoriza a PLATAFORMA a usar estes dados e documentos para realizar avalia\u00e7\u00e3o do Perfil de Cr\u00e9dito, confirmar a veracidade das informa\u00e7\u00f5es prestadas e para outros usos necess\u00e1rios \u00e0 presta\u00e7\u00e3o dos produtos e servi\u00e7os oferecidos. O USU\u00c1RIO autoriza a PLATAFORMA a compartilhar os dados e documentos necess\u00e1rios para realizar o servi\u00e7o oferecido com seus parceiros (Institui\u00e7\u00f5es Financeiras e parceiros operacionais).<\/p>\n\n\n\n<p>A PLATAFORMA n\u00e3o \u00e9 respons\u00e1vel por acesso e uso de informa\u00e7\u00f5es fraudulentas por parte de terceiros em seu nome, tais como, mas n\u00e3o somente, falsidade ideol\u00f3gica.<\/p>\n\n\n\n<p>A PLATAFORMA poder\u00e1 colher e armazenar informa\u00e7\u00f5es de IP, site de origem, data e hora da visita, atividade, navegador e sistema operacional. A PLATAFORMA n\u00e3o vende, cede, comunica ou transmite os dados e documentos dos USU\u00c1RIOS para qualquer terceiro que n\u00e3o seja envolvido diretamente com a presta\u00e7\u00e3o do servi\u00e7o e\/ou produto oferecido.<\/p>\n\n\n\n<p>A PLATAFORMA administra e guarda as suas informa\u00e7\u00f5es de forma segura e sigilosa. Entretanto informamos que, em casos excepcionais, como para cumprimento de determina\u00e7\u00f5es judiciais dentro da lei em vigor, por solicita\u00e7\u00e3o de autoridades p\u00fablicas ou em situa\u00e7\u00e3o potencial de venda parcial ou total da empresa, seremos obrigados a disponibilizar estas informa\u00e7\u00f5es.<\/p>\n\n\n\n<p>Para efeito de avalia\u00e7\u00e3o da qualidade da PLATAFORMA e do servi\u00e7o prestado, o USU\u00c1RIO nos autoriza a contat\u00e1-lo diretamente.<\/p>\n\n\n\n<p>O conte\u00fado da PLATAFORMA (c\u00f3digos fonte, base de dados, processos, dom\u00ednios, marcas, logotipos, etc.) envolvido na funcionalidade e na presta\u00e7\u00e3o de servi\u00e7o \u00e9 de propriedade da HUB369 e \u00e9 protegido por leis nacionais e internacionais de propriedade. A reprodu\u00e7\u00e3o total ou parcial deste conte\u00fado e o uso sem autoriza\u00e7\u00e3o da HUB369 s\u00e3o expressamente proibidos e sujeitos a penalidades nos termos da lei. \u00c9 permitida, entretanto, a coloca\u00e7\u00e3o do link para a nossa PLATAFORMA em outros sites de internet.<\/p>\n\n\n\n<p>O nosso objetivo \u00e9 proporcionar um acesso ininterrupto a PLATAFORMA, mas n\u00e3o damos garantia quanto a esta disponibilidade e nos reservamos o direito de suspender, restringir ou cancelar o acesso a PLATAFORMA a qualquer momento.<\/p>\n\n\n\n<p>O USU\u00c1RIO n\u00e3o poder\u00e1 usar a PLATAFORMA atrav\u00e9s de qualquer recurso n\u00e3o humano, como software automatizado, processo, programa, rob\u00f4, entre outros.<\/p>\n\n\n\n<p>N\u00e3o nos responsabilizamos pelos servi\u00e7os prestados por terceiros, incluindo as Institui\u00e7\u00f5es Financeiras parceiras (e outras n\u00e3o financeiras), ap\u00f3s o USU\u00c1RIO ser direcionado \u00e0 mesma atrav\u00e9s dos links contidos na PLATAFORMA o qual ocorrer\u00e1 por conta e risco do USU\u00c1RIO, inclusive os sites direcionados ser\u00e3o regidos pelos pr\u00f3prios Termos de Uso e Pol\u00edticas de Privacidade destes sites os quais dever\u00e3o ser lidos pelo USU\u00c1RIO. O USU\u00c1RIO ser\u00e1 o \u00fanico respons\u00e1vel por entender os termos e condi\u00e7\u00f5es de contrata\u00e7\u00e3o dos produtos e servi\u00e7os que ser\u00e3o contratados a partir das simula\u00e7\u00f5es realizadas na PLATAFORMA. A HUB369 n\u00e3o poder\u00e1 ser responsabilizada por qualquer perda ou dano<br>que o USU\u00c1RIO possa incorrer com estas contrata\u00e7\u00f5es.<\/p>\n\n\n\n<p>Este Termo de Uso foi definido de acordo com o C\u00f3digo Civil Brasileiro. Est\u00e1 eleito o foro Comarca de Fortaleza\/CE para dirimir e julgar qualquer quest\u00e3o relativa a este Termo de Uso e sobre a rela\u00e7\u00e3o entre a PLATAFORMA e o USU\u00c1RIO.<\/p>\n\n\n\n<p>05 de Abril de 2024<\/p>\n\n\n\n<div class=\"wp-block-group alignfull has-background is-layout-constrained wp-block-group-is-layout-constrained\" id=\"contact\" style=\"background:linear-gradient(300deg,rgb(2,3,129) 0%,rgb(40,116,252) 100%);margin-top:var(--wp--preset--spacing--70);margin-bottom:var(--wp--preset--spacing--70);padding-top:104px;padding-bottom:104px\">\n<div class=\"wp-block-columns is-layout-flex wp-container-core-columns-is-layout-2 wp-block-columns-is-layout-flex\">\n<div class=\"wp-block-column is-layout-flow wp-block-column-is-layout-flow\">\n<figure class=\"wp-block-image size-full is-resized\"><img decoding=\"async\" src=\"https:\/\/infartexpress.hub369.com.br\/wp-content\/uploads\/2024\/03\/HUB369.png\" alt=\"\" class=\"wp-image-251\" style=\"width:246px;height:auto\"\/><figcaption class=\"wp-element-caption\" style=\"color:white;\">HUB369 SOLUCOES EM TECNOLOGIA LTDA<br>CNPJ: 51.991.900\/0001-89<\/figcaption><\/figure>\n<\/div>\n\n\n\n<div class=\"wp-block-column is-layout-flow wp-block-column-is-layout-flow\">\n<p style=\"color:white;\">A HUB369 \u00e9 uma plataforma digital que atua como Correspondente Banc\u00e1rio para facilitar o processo de contrata\u00e7\u00e3o de empr\u00e9stimos e outros produtos.<br><br>Rua Ary Barroso, 70, Sala 212, Torre 01, Papicu, Fortaleza, Cear\u00e1, Brasil, CEP: 60.175-705.<\/p>\n\n\n\n<div class=\"wp-block-columns alignwide is-not-stacked-on-mobile is-layout-flex wp-container-core-columns-is-layout-1 wp-block-columns-is-layout-flex\" style=\"border-style:none;border-width:0px;border-radius:0px;padding-right:var(--wp--preset--spacing--80);padding-left:var(--wp--preset--spacing--80)\">\n<div class=\"wp-block-column is-layout-flow wp-block-column-is-layout-flow\">\n<figure class=\"wp-block-image aligncenter size-large is-resized\"><a href=\"https:\/\/www.instagram.com\/hub369oficial\/\" target=\"_blank\" rel=\"noreferrer noopener\"><img loading=\"lazy\" decoding=\"async\" width=\"1024\" height=\"1024\" src=\"https:\/\/infartexpress.hub369.com.br\/wp-content\/uploads\/2024\/04\/img_instagram-1-1024x1024.png\" alt=\"\" class=\"wp-image-276\" style=\"width:30px\" srcset=\"https:\/\/infartexpress.hub369.com.br\/wp-content\/uploads\/2024\/04\/img_instagram-1-1024x1024.png 1024w, https:\/\/infartexpress.hub369.com.br\/wp-content\/uploads\/2024\/04\/img_instagram-1-300x300.png 300w, https:\/\/infartexpress.hub369.com.br\/wp-content\/uploads\/2024\/04\/img_instagram-1-150x150.png 150w, https:\/\/infartexpress.hub369.com.br\/wp-content\/uploads\/2024\/04\/img_instagram-1-768x768.png 768w, https:\/\/infartexpress.hub369.com.br\/wp-content\/uploads\/2024\/04\/img_instagram-1-1536x1536.png 1536w, https:\/\/infartexpress.hub369.com.br\/wp-content\/uploads\/2024\/04\/img_instagram-1-2048x2048.png 2048w\" sizes=\"(max-width: 1024px) 100vw, 1024px\" \/><\/a><\/figure>\n<\/div>\n\n\n\n<div class=\"wp-block-column is-layout-flow wp-block-column-is-layout-flow\">\n<figure class=\"wp-block-image aligncenter size-full is-resized\"><a href=\"https:\/\/www.linkedin.com\/company\/hub369\" target=\"_blank\" rel=\"noreferrer noopener\"><img loading=\"lazy\" decoding=\"async\" width=\"976\" height=\"977\" src=\"https:\/\/infartexpress.hub369.com.br\/wp-content\/uploads\/2024\/04\/img_linkedin-1.png\" alt=\"\" class=\"wp-image-277\" style=\"width:30px\" srcset=\"https:\/\/infartexpress.hub369.com.br\/wp-content\/uploads\/2024\/04\/img_linkedin-1.png 976w, https:\/\/infartexpress.hub369.com.br\/wp-content\/uploads\/2024\/04\/img_linkedin-1-300x300.png 300w, https:\/\/infartexpress.hub369.com.br\/wp-content\/uploads\/2024\/04\/img_linkedin-1-150x150.png 150w, https:\/\/infartexpress.hub369.com.br\/wp-content\/uploads\/2024\/04\/img_linkedin-1-768x769.png 768w\" sizes=\"(max-width: 976px) 100vw, 976px\" \/><\/a><\/figure>\n<\/div>\n\n\n\n<div class=\"wp-block-column is-vertically-aligned-stretch is-layout-flow wp-block-column-is-layout-flow\">\n<figure class=\"wp-block-image aligncenter size-large is-resized has-custom-border\"><a href=\"https:\/\/api.whatsapp.com\/send\/?phone=5585996312005&amp;text&amp;type=phone_number&amp;app_absent=0\" target=\"_blank\" rel=\"noreferrer noopener\"><img loading=\"lazy\" decoding=\"async\" width=\"1024\" height=\"1024\" src=\"https:\/\/infartexpress.hub369.com.br\/wp-content\/uploads\/2024\/04\/img_zap-1024x1024.png\" alt=\"\" class=\"wp-image-280\" style=\"border-style:none;border-width:0px;border-radius:0px;width:30px\" srcset=\"https:\/\/infartexpress.hub369.com.br\/wp-content\/uploads\/2024\/04\/img_zap-1024x1024.png 1024w, https:\/\/infartexpress.hub369.com.br\/wp-content\/uploads\/2024\/04\/img_zap-300x300.png 300w, https:\/\/infartexpress.hub369.com.br\/wp-content\/uploads\/2024\/04\/img_zap-150x150.png 150w, https:\/\/infartexpress.hub369.com.br\/wp-content\/uploads\/2024\/04\/img_zap-768x768.png 768w, https:\/\/infartexpress.hub369.com.br\/wp-content\/uploads\/2024\/04\/img_zap.png 1200w\" sizes=\"(max-width: 1024px) 100vw, 1024px\" \/><\/a><\/figure>\n<\/div>\n<\/div>\n<\/div>\n<\/div>\n<\/div>\n\n\n\n<p><\/p>\n\n\n\n<p><\/p>\n","protected":false},"excerpt":{"rendered":"<p>O plataforma \u00e9 propriedade da HUB369 SOLUCOES EM TECNOLOGIA LTDA., registrada sobre o CNPJ no 51.991.900\/0001-89. Neste Termo de Uso, [&hellip;]<\/p>\n","protected":false},"author":1,"featured_media":0,"parent":0,"menu_order":4,"comment_status":"closed","ping_status":"closed","template":"","meta":{"site-sidebar-layout":"default","site-content-layout":"","ast-site-content-layout":"","site-content-style":"default","site-sidebar-style":"default","ast-global-header-display":"","ast-banner-title-visibility":"","ast-main-header-display":"","ast-hfb-above-header-display":"","ast-hfb-below-header-display":"","ast-hfb-mobile-header-display":"","site-post-title":"disabled","ast-breadcrumbs-content":"","ast-featured-img":"","footer-sml-layout":"","theme-transparent-header-meta":"","adv-header-id-meta":"","stick-header-meta":"","header-above-stick-meta":"","header-main-stick-meta":"","header-below-stick-meta":"","astra-migrate-meta-layouts":"default","ast-page-background-enabled":"default","ast-page-background-meta":{"desktop":{"background-color":"var(--ast-global-color-4)","background-image":"","background-repeat":"repeat","background-position":"center center","background-size":"auto","background-attachment":"scroll","background-type":"","background-media":"","overlay-type":"","overlay-color":"","overlay-gradient":""},"tablet":{"background-color":"","background-image":"","background-repeat":"repeat","background-position":"center center","background-size":"auto","background-attachment":"scroll","background-type":"","background-media":"","overlay-type":"","overlay-color":"","overlay-gradient":""},"mobile":{"background-color":"","background-image":"","background-repeat":"repeat","background-position":"center center","background-size":"auto","background-attachment":"scroll","background-type":"","background-media":"","overlay-type":"","overlay-color":"","overlay-gradient":""}},"ast-content-background-meta":{"desktop":{"background-color":"var(--ast-global-color-5)","background-image":"","background-repeat":"repeat","background-position":"center center","background-size":"auto","background-attachment":"scroll","background-type":"","background-media":"","overlay-type":"","overlay-color":"","overlay-gradient":""},"tablet":{"background-color":"var(--ast-global-color-5)","background-image":"","background-repeat":"repeat","background-position":"center center","background-size":"auto","background-attachment":"scroll","background-type":"","background-media":"","overlay-type":"","overlay-color":"","overlay-gradient":""},"mobile":{"background-color":"var(--ast-global-color-5)","background-image":"","background-repeat":"repeat","background-position":"center center","background-size":"auto","background-attachment":"scroll","background-type":"","background-media":"","overlay-type":"","overlay-color":"","overlay-gradient":""}},"footnotes":""},"_links":{"self":[{"href":"https:\/\/infartexpress.hub369.com.br\/index.php\/wp-json\/wp\/v2\/pages\/381"}],"collection":[{"href":"https:\/\/infartexpress.hub369.com.br\/index.php\/wp-json\/wp\/v2\/pages"}],"about":[{"href":"https:\/\/infartexpress.hub369.com.br\/index.php\/wp-json\/wp\/v2\/types\/page"}],"author":[{"embeddable":true,"href":"https:\/\/infartexpress.hub369.com.br\/index.php\/wp-json\/wp\/v2\/users\/1"}],"replies":[{"embeddable":true,"href":"https:\/\/infartexpress.hub369.com.br\/index.php\/wp-json\/wp\/v2\/comments?post=381"}],"version-history":[{"count":14,"href":"https:\/\/infartexpress.hub369.com.br\/index.php\/wp-json\/wp\/v2\/pages\/381\/revisions"}],"predecessor-version":[{"id":733,"href":"https:\/\/infartexpress.hub369.com.br\/index.php\/wp-json\/wp\/v2\/pages\/381\/revisions\/733"}],"wp:attachment":[{"href":"https:\/\/infartexpress.hub369.com.br\/index.php\/wp-json\/wp\/v2\/media?parent=381"}],"curies":[{"name":"wp","href":"https:\/\/api.w.org\/{rel}","templated":true}]}}